{"id":1951,"date":"2024-02-14T15:41:07","date_gmt":"2024-02-14T15:41:07","guid":{"rendered":"https:\/\/omnicon.com.tr\/?page_id=1951"},"modified":"2026-01-07T15:04:34","modified_gmt":"2026-01-07T15:04:34","slug":"cerez-politikasi","status":"publish","type":"page","link":"https:\/\/omnicon.com.tr\/en\/cerez-politikasi\/","title":{"rendered":"\u00c7EREZ POL\u0130T\u0130KASI\u200b"},"content":{"rendered":"<p>\u00c7erezler, bir web taray\u0131c\u0131s\u0131n\u0131n haf\u0131zas\u0131nda saklayabilece\u011fi k\u00fc\u00e7\u00fck metin dosyalar\u0131d\u0131r. Web i\u00e7erik olu\u015fturucular\u0131n\u0131n ziyaret\u00e7ilerini anlamas\u0131na ve kolayla\u015ft\u0131rmas\u0131na yard\u0131mc\u0131 olmak i\u00e7in olu\u015fturulmu\u015ftur. Bu, bir Kullan\u0131c\u0131n\u0131n davran\u0131\u015f\u0131n\u0131 izlemeyi, web sitesi tercihlerini depolamay\u0131, sahtecili\u011fi \u00f6nlemeyi ve daha fazlas\u0131n\u0131 i\u00e7erebilir. Bu sayfada, \u00e7erezleri nas\u0131l kulland\u0131\u011f\u0131m\u0131z\u0131 a\u00e7\u0131kl\u0131yoruz.<\/p>\n\n\n\n<h3 class=\"wp-block-heading\">Bu sitede \u00e7erezler nas\u0131l kullan\u0131l\u0131r?<\/h3>\n\n\n\n<p>\u00c7erezler, kullan\u0131c\u0131 deneyimini iyile\u015ftirmemize ve sitenin sahtekarl\u0131\u011fa ve di\u011fer zararlara kar\u015f\u0131 g\u00fcvence alt\u0131na al\u0131nd\u0131\u011f\u0131ndan emin olmam\u0131za yard\u0131mc\u0131 olur. A\u015fa\u011f\u0131da, \u00e7erezleri uygulamam\u0131z\u0131n ana nedenleri listelenmi\u015ftir:<\/p>\n\n\n\n<p><strong>\u0130\u015fletme<\/strong><\/p>\n\n\n\n<p>Sitemizin ama\u00e7lanan \u015fekilde \u00e7al\u0131\u015ft\u0131\u011f\u0131ndan emin olmak i\u00e7in baz\u0131 \u00e7erezler kullan\u0131yoruz. Bu ba\u015fl\u0131k \u015funlar\u0131 i\u00e7erir:<\/p>\n\n\n\n<ul class=\"wp-block-list\">\n<li>Dil tercihleri<\/li>\n\n\n\n<li>Doland\u0131r\u0131c\u0131l\u0131k korumas\u0131<\/li>\n\n\n\n<li>Site tercihleri ve \u00f6zellikleri<\/li>\n<\/ul>\n\n\n\n<p><strong>Analiz etme&nbsp;ve geli\u015ftirme<\/strong><\/p>\n\n\n\n<p>Sitenin nas\u0131l kullan\u0131ld\u0131\u011f\u0131n\u0131 anlamam\u0131za yard\u0131mc\u0131 olmak i\u00e7in \u00e7erezleri de kullan\u0131yoruz. Bu, kullan\u0131c\u0131 deneyimini geli\u015ftirip siteye iyile\u015ftirmeler ve yenilikler yapal\u0131m.<\/p>\n\n\n\n<h3 class=\"wp-block-heading\">Di\u011fer benzer teknolojiler<\/h3>\n\n\n\n<p><strong>Piksel etiketleri<\/strong><\/p>\n\n\n\n<p>Pazarlama kampanyalar\u0131na ba\u011fl\u0131 kullan\u0131c\u0131 eylemlerini izlemek, istatistikleri toplamak ve daha fazlas\u0131n\u0131 yapmak i\u00e7in Piksel etiketlerini de uyguluyoruz.<\/p>\n\n\n\n<p><strong>\u00dc\u00e7\u00fcnc\u00fc Taraf Analizleri<\/strong><\/p>\n\n\n\n<p>Ziyaret\u00e7ilerin web sitesini nas\u0131l kulland\u0131\u011f\u0131yla ilgili verileri toplamak ve analiz etmek i\u00e7in Google Analytics ve Yandex metrika\u2019y\u0131&nbsp;uyguluyoruz. Bu konuda&nbsp;<a href=\"https:\/\/www.google.com\/policies\/privacy\/partners\/\" target=\"_blank\" rel=\"noreferrer noopener\">Google web sitesinde<\/a>&nbsp;ve&nbsp;<a href=\"https:\/\/metrica.yandex.com\/about\/info\/gdpr\" target=\"_blank\" rel=\"noreferrer noopener\">Yandex web sitesinden<\/a>&nbsp;daha fazla bilgi edinin.<\/p>\n\n\n\n<h3 class=\"wp-block-heading\">\u00c7erezleri y\u00f6netme<\/h3>\n\n\n\n<p>\u00c7o\u011fu taray\u0131c\u0131 \u00e7erez tercihlerinizi de\u011fi\u015ftirmenize izin verir. A\u015fa\u011f\u0131da, \u00e7erezlerin taray\u0131c\u0131n\u0131z taraf\u0131ndan nas\u0131l i\u015flendi\u011fini de\u011fi\u015ftirmek isterseniz, yard\u0131mc\u0131 olabilecek baz\u0131 ba\u011flant\u0131lar bulunmaktad\u0131r. \u00c7erezleri devre d\u0131\u015f\u0131 b\u0131rakmay\u0131 se\u00e7erseniz, bu web sitesinin baz\u0131 \u00f6zellikleri ama\u00e7land\u0131\u011f\u0131 gibi \u00e7al\u0131\u015fmayabilir.<\/p>\n\n\n\n<ul class=\"wp-block-list\">\n<li><a href=\"https:\/\/support.google.com\/chrome\/answer\/95647?hl=en\" target=\"_blank\" rel=\"noreferrer noopener\">Chrome<\/a><\/li>\n\n\n\n<li><a href=\"https:\/\/support.microsoft.com\/en-us\/products\/windows?os=windows-10\" target=\"_blank\" rel=\"noreferrer noopener\">Internet Explorer \/ Edge<\/a><\/li>\n\n\n\n<li><a href=\"https:\/\/support.apple.com\/kb\/PH21411\" target=\"_blank\" rel=\"noreferrer noopener\">Safari<\/a><\/li>\n\n\n\n<li><a href=\"https:\/\/support.mozilla.org\/en-US\/kb\/cookies-information-websites-store-on-your-computer\" target=\"_blank\" rel=\"noreferrer noopener\">Firefox<\/a><\/li>\n\n\n\n<li><a href=\"https:\/\/www.opera.com\/help\/tutorials\/security\/cookies\/\" target=\"_blank\" rel=\"noreferrer noopener\">Opera<\/a><\/li>\n<\/ul>","protected":false},"excerpt":{"rendered":"<p>\u00c7erezler, bir web taray\u0131c\u0131s\u0131n\u0131n haf\u0131zas\u0131nda saklayabilece\u011fi k\u00fc\u00e7\u00fck metin dosyalar\u0131d\u0131r. Web i\u00e7erik olu\u015fturucular\u0131n\u0131n ziyaret\u00e7ilerini anlamas\u0131na ve kolayla\u015ft\u0131rmas\u0131na yard\u0131mc\u0131 olmak i\u00e7in olu\u015fturulmu\u015ftur. Bu, bir Kullan\u0131c\u0131n\u0131n davran\u0131\u015f\u0131n\u0131 izlemeyi, web sitesi tercihlerini depolamay\u0131, sahtecili\u011fi \u00f6nlemeyi ve daha fazlas\u0131n\u0131 i\u00e7erebilir. Bu sayfada, \u00e7erezleri nas\u0131l kulland\u0131\u011f\u0131m\u0131z\u0131 a\u00e7\u0131kl\u0131yoruz. Bu sitede \u00e7erezler nas\u0131l kullan\u0131l\u0131r? \u00c7erezler, kullan\u0131c\u0131 deneyimini iyile\u015ftirmemize ve sitenin sahtekarl\u0131\u011fa ve di\u011fer [&hellip;]<\/p>\n","protected":false},"author":1,"featured_media":2568,"parent":0,"menu_order":0,"comment_status":"closed","ping_status":"closed","template":"","meta":{"footnotes":""},"class_list":["post-1951","page","type-page","status-publish","has-post-thumbnail","hentry"],"aioseo_notices":[],"_links":{"self":[{"href":"https:\/\/omnicon.com.tr\/en\/wp-json\/wp\/v2\/pages\/1951","targetHints":{"allow":["GET"]}}],"collection":[{"href":"https:\/\/omnicon.com.tr\/en\/wp-json\/wp\/v2\/pages"}],"about":[{"href":"https:\/\/omnicon.com.tr\/en\/wp-json\/wp\/v2\/types\/page"}],"author":[{"embeddable":true,"href":"https:\/\/omnicon.com.tr\/en\/wp-json\/wp\/v2\/users\/1"}],"replies":[{"embeddable":true,"href":"https:\/\/omnicon.com.tr\/en\/wp-json\/wp\/v2\/comments?post=1951"}],"version-history":[{"count":18,"href":"https:\/\/omnicon.com.tr\/en\/wp-json\/wp\/v2\/pages\/1951\/revisions"}],"predecessor-version":[{"id":2721,"href":"https:\/\/omnicon.com.tr\/en\/wp-json\/wp\/v2\/pages\/1951\/revisions\/2721"}],"wp:featuredmedia":[{"embeddable":true,"href":"https:\/\/omnicon.com.tr\/en\/wp-json\/wp\/v2\/media\/2568"}],"wp:attachment":[{"href":"https:\/\/omnicon.com.tr\/en\/wp-json\/wp\/v2\/media?parent=1951"}],"curies":[{"name":"wp","href":"https:\/\/api.w.org\/{rel}","templated":true}]}}