{"id":2583,"date":"2024-04-04T19:41:35","date_gmt":"2024-04-04T19:41:35","guid":{"rendered":"https:\/\/omnicon.com.tr\/?page_id=2583"},"modified":"2026-01-07T15:07:02","modified_gmt":"2026-01-07T15:07:02","slug":"karbon-ayak-izi-raporu","status":"publish","type":"page","link":"https:\/\/omnicon.com.tr\/en\/karbon-ayak-izi-raporu\/","title":{"rendered":"Carbon Footprint Report"},"content":{"rendered":"<p><strong>Omnicon<\/strong>&#8216;un \u00e7\u00f6z\u00fcm modeli, t\u00fcm s\u00fcre\u00e7 ak\u0131\u015flar\u0131n\u0131z\u0131n ayr\u0131nt\u0131l\u0131 olarak analiz edilmesine yard\u0131mc\u0131 olur. Kurulu\u015funuza ait t\u00fcm ak\u0131\u015flar, de\u011fer zincirinize ili\u015fkin b\u00fct\u00fcnsel bir kurgu alt\u0131nda de\u011ferlendirilir. Bu \u00e7er\u00e7eve, s\u00fcre\u00e7lerinizdeki t\u00fcm girdi-\u00e7\u0131kt\u0131 ili\u015fkilerinin takibini kolayla\u015ft\u0131rmaktad\u0131r. B\u00f6ylelikle, kurulu\u015funuzca kullan\u0131lan kaynaklar kar\u015f\u0131l\u0131\u011f\u0131nda \u00fcretilen mallar, yar\u0131 \u00fcr\u00fcnler, yan \u00fcr\u00fcnler, olu\u015fan at\u0131klar ve sal\u0131nan emisyonlar kolayca belirlenebilir. \u00d6zellikle birim \u00fcretim\/\u00fcr\u00fcn ba\u015f\u0131na sal\u0131nan sera gaz\u0131 miktarlar\u0131n\u0131n say\u0131sal de\u011ferleri bu modeli kullanarak kolayl\u0131kla ve analitik olarak takip edilebilmektedir.<\/p>\n\n\n\n<p>Omni Con evaluates the customer's direct use values as well as the necessary information regarding purchases obtained from suppliers. In addition, emission-related processes carried out by stakeholders are also scanned. Thus, each emission value related to your organization's value chain will be collected completely.<\/p>\n\n\n\n<p>This collected data will be used to tabulate your carbon footprint in detail. GHG Protocol standards or ISO 14064-14067 can optionally be used when calculating and reporting emissions. In addition, if needed and requested, detailed reports and tables can be prepared, taking into account your organization's SKDM standards.<\/p>\n\n\n\n<p><strong>Omni Con can deliver carbon footprint reports that are optimally prepared and designed according to your organization's obligations and needs.<\/strong><\/p>","protected":false},"excerpt":{"rendered":"<p>Omni Con&#8217;un \u00e7\u00f6z\u00fcm modeli, t\u00fcm s\u00fcre\u00e7 ak\u0131\u015flar\u0131n\u0131z\u0131n ayr\u0131nt\u0131l\u0131 olarak analiz edilmesine yard\u0131mc\u0131 olur.<\/p>","protected":false},"author":1,"featured_media":1686,"parent":0,"menu_order":0,"comment_status":"closed","ping_status":"closed","template":"","meta":{"footnotes":""},"class_list":["post-2583","page","type-page","status-publish","has-post-thumbnail","hentry"],"aioseo_notices":[],"_links":{"self":[{"href":"https:\/\/omnicon.com.tr\/en\/wp-json\/wp\/v2\/pages\/2583","targetHints":{"allow":["GET"]}}],"collection":[{"href":"https:\/\/omnicon.com.tr\/en\/wp-json\/wp\/v2\/pages"}],"about":[{"href":"https:\/\/omnicon.com.tr\/en\/wp-json\/wp\/v2\/types\/page"}],"author":[{"embeddable":true,"href":"https:\/\/omnicon.com.tr\/en\/wp-json\/wp\/v2\/users\/1"}],"replies":[{"embeddable":true,"href":"https:\/\/omnicon.com.tr\/en\/wp-json\/wp\/v2\/comments?post=2583"}],"version-history":[{"count":10,"href":"https:\/\/omnicon.com.tr\/en\/wp-json\/wp\/v2\/pages\/2583\/revisions"}],"predecessor-version":[{"id":2726,"href":"https:\/\/omnicon.com.tr\/en\/wp-json\/wp\/v2\/pages\/2583\/revisions\/2726"}],"wp:featuredmedia":[{"embeddable":true,"href":"https:\/\/omnicon.com.tr\/en\/wp-json\/wp\/v2\/media\/1686"}],"wp:attachment":[{"href":"https:\/\/omnicon.com.tr\/en\/wp-json\/wp\/v2\/media?parent=2583"}],"curies":[{"name":"wp","href":"https:\/\/api.w.org\/{rel}","templated":true}]}}