{"id":2762,"date":"2026-01-13T10:08:19","date_gmt":"2026-01-13T10:08:19","guid":{"rendered":"https:\/\/omnicon.com.tr\/?page_id=2762"},"modified":"2026-01-15T14:19:15","modified_gmt":"2026-01-15T14:19:15","slug":"cozum-ortaklarimiz","status":"publish","type":"page","link":"https:\/\/omnicon.com.tr\/en\/cozum-ortaklarimiz\/","title":{"rendered":"\u00c7\u00f6z\u00fcm Ortaklar\u0131m\u0131z"},"content":{"rendered":"","protected":false},"excerpt":{"rendered":"","protected":false},"author":1,"featured_media":0,"parent":0,"menu_order":0,"comment_status":"closed","ping_status":"closed","template":"page-is-ortaklari.php","meta":{"footnotes":""},"class_list":["post-2762","page","type-page","status-publish","hentry"],"aioseo_notices":[],"_links":{"self":[{"href":"https:\/\/omnicon.com.tr\/en\/wp-json\/wp\/v2\/pages\/2762","targetHints":{"allow":["GET"]}}],"collection":[{"href":"https:\/\/omnicon.com.tr\/en\/wp-json\/wp\/v2\/pages"}],"about":[{"href":"https:\/\/omnicon.com.tr\/en\/wp-json\/wp\/v2\/types\/page"}],"author":[{"embeddable":true,"href":"https:\/\/omnicon.com.tr\/en\/wp-json\/wp\/v2\/users\/1"}],"replies":[{"embeddable":true,"href":"https:\/\/omnicon.com.tr\/en\/wp-json\/wp\/v2\/comments?post=2762"}],"version-history":[{"count":2,"href":"https:\/\/omnicon.com.tr\/en\/wp-json\/wp\/v2\/pages\/2762\/revisions"}],"predecessor-version":[{"id":2844,"href":"https:\/\/omnicon.com.tr\/en\/wp-json\/wp\/v2\/pages\/2762\/revisions\/2844"}],"wp:attachment":[{"href":"https:\/\/omnicon.com.tr\/en\/wp-json\/wp\/v2\/media?parent=2762"}],"curies":[{"name":"wp","href":"https:\/\/api.w.org\/{rel}","templated":true}]}}